{"id":18786,"date":"2022-09-27T16:00:58","date_gmt":"2022-09-27T14:00:58","guid":{"rendered":"https:\/\/www.sci-services.ch\/shop\/uncategorized\/am\/"},"modified":"2023-01-31T09:20:34","modified_gmt":"2023-01-31T08:20:34","slug":"am","status":"publish","type":"product","link":"https:\/\/www.sci-services.ch\/de\/shop\/product-line-de\/visio-line-de-2\/am\/","title":{"rendered":"AM"},"content":{"rendered":"<p>\u2022 Praktisch: leicht und direkt zu bef\u00fcllen, einfach zu \u00f6ffnen und zu schlie\u00dfen<br \/>\n\u2022 Sparsam: kontrollierter Seifenverbrauch<br \/>\n\u2022 Robust, Ideal f\u00fcr Industrie- und Gewerbebetriebe<br \/>\n\u2022 Pumpe ist einfach zu tauschen<br \/>\n\u2022 Montage mit Schrauben<\/p>\n","protected":false},"excerpt":{"rendered":"<p>Seifenspender f\u00fcr Kannenbef\u00fcllung 800 ml<\/p>\n","protected":false},"featured_media":13652,"template":"","meta":{"_acf_changed":false},"product_group":[{"id":2051,"name":"Hygiene","slug":"hygiene"},{"id":2068,"name":"Hygiene Dispensers","slug":"hygiene-dispensers"},{"id":2053,"name":"Soap Dispensers","slug":"soap_dispensers"}],"product_cat":[2397,2571],"product_tag":[],"class_list":{"0":"post-18786","1":"product","2":"type-product","3":"status-publish","4":"has-post-thumbnail","6":"product_group-hygiene","7":"product_group-hygiene-dispensers","8":"product_group-soap_dispensers","9":"product_cat-product-line-de","10":"product_cat-visio-line-de-2","11":"pa_apparence-manuell","12":"pa_color-transparant-blau","13":"pa_color-weis","14":"pa_consumable-flussigseife-de","15":"pa_content-800-ml-de","16":"pa_material-abs-san-de","17":"pa_packing-carton-6-de","18":"pa_packing-pallet-432-de","19":"pa_product-dimensions-123-x-203-x-100-mm-de","20":"pa_refill-cartridge-kannenbefullung","22":"first","23":"instock","24":"shipping-taxable","25":"product-type-simple"},"acf":[],"aioseo_notices":[],"_links":{"self":[{"href":"https:\/\/www.sci-services.ch\/de\/wp-json\/wp\/v2\/product\/18786","targetHints":{"allow":["GET"]}}],"collection":[{"href":"https:\/\/www.sci-services.ch\/de\/wp-json\/wp\/v2\/product"}],"about":[{"href":"https:\/\/www.sci-services.ch\/de\/wp-json\/wp\/v2\/types\/product"}],"wp:featuredmedia":[{"embeddable":true,"href":"https:\/\/www.sci-services.ch\/de\/wp-json\/wp\/v2\/media\/13652"}],"wp:attachment":[{"href":"https:\/\/www.sci-services.ch\/de\/wp-json\/wp\/v2\/media?parent=18786"}],"wp:term":[{"taxonomy":"product_group","embeddable":true,"href":"https:\/\/www.sci-services.ch\/de\/wp-json\/wp\/v2\/product_group?post=18786"},{"taxonomy":"product_cat","embeddable":true,"href":"https:\/\/www.sci-services.ch\/de\/wp-json\/wp\/v2\/product_cat?post=18786"},{"taxonomy":"product_tag","embeddable":true,"href":"https:\/\/www.sci-services.ch\/de\/wp-json\/wp\/v2\/product_tag?post=18786"}],"curies":[{"name":"wp","href":"https:\/\/api.w.org\/{rel}","templated":true}]}}