{"id":23026,"date":"2024-11-28T10:28:52","date_gmt":"2024-11-28T09:28:52","guid":{"rendered":"https:\/\/www.sci-services.ch\/eurostyle-ng-schraenke-fuer-mietberufskleidung\/"},"modified":"2025-09-11T14:11:28","modified_gmt":"2025-09-11T12:11:28","slug":"eurostyle-ng-schraenke-fuer-mietberufskleidung","status":"publish","type":"page","link":"https:\/\/www.sci-services.ch\/de\/eurostyle-ng-schraenke-fuer-mietberufskleidung\/","title":{"rendered":"Eurostyle NG &#8211; Schr\u00e4nke f\u00fcr Mietberufskleidung"},"content":{"rendered":"\t\t<div data-elementor-type=\"wp-page\" data-elementor-id=\"23026\" class=\"elementor elementor-23026 elementor-22544\" data-elementor-post-type=\"page\">\n\t\t\t\t\t\t<section class=\"has_eae_slider elementor-section elementor-top-section elementor-element elementor-element-a3ca00c elementor-section-boxed elementor-section-height-default elementor-section-height-default\" data-eae-slider=\"27145\" data-id=\"a3ca00c\" data-element_type=\"section\" data-e-type=\"section\" data-settings=\"{&quot;background_background&quot;:&quot;classic&quot;,&quot;shape_divider_bottom&quot;:&quot;waves&quot;}\">\n\t\t\t\t\t\t\t<div class=\"elementor-background-overlay\"><\/div>\n\t\t\t\t\t\t<div class=\"elementor-shape elementor-shape-bottom\" aria-hidden=\"true\" data-negative=\"false\">\n\t\t\t<svg xmlns=\"http:\/\/www.w3.org\/2000\/svg\" viewBox=\"0 0 1000 100\" preserveAspectRatio=\"none\">\n\t<path class=\"elementor-shape-fill\" d=\"M421.9,6.5c22.6-2.5,51.5,0.4,75.5,5.3c23.6,4.9,70.9,23.5,100.5,35.7c75.8,32.2,133.7,44.5,192.6,49.7\n\tc23.6,2.1,48.7,3.5,103.4-2.5c54.7-6,106.2-25.6,106.2-25.6V0H0v30.3c0,0,72,32.6,158.4,30.5c39.2-0.7,92.8-6.7,134-22.4\n\tc21.2-8.1,52.2-18.2,79.7-24.2C399.3,7.9,411.6,7.5,421.9,6.5z\"\/>\n<\/svg>\t\t<\/div>\n\t\t\t\t\t<div class=\"elementor-container elementor-column-gap-default\">\n\t\t\t\t\t<div class=\"has_eae_slider elementor-column elementor-col-100 elementor-top-column elementor-element elementor-element-87175e6\" data-eae-slider=\"9142\" data-id=\"87175e6\" data-element_type=\"column\" data-e-type=\"column\">\n\t\t\t<div class=\"elementor-widget-wrap\">\n\t\t\t\t\t\t\t<\/div>\n\t\t<\/div>\n\t\t\t\t\t<\/div>\n\t\t<\/section>\n\t\t\t\t<section class=\"has_eae_slider elementor-section elementor-top-section elementor-element elementor-element-68c2083 elementor-section-boxed elementor-section-height-default elementor-section-height-default\" data-eae-slider=\"20544\" data-id=\"68c2083\" data-element_type=\"section\" data-e-type=\"section\">\n\t\t\t\t\t\t<div class=\"elementor-container elementor-column-gap-default\">\n\t\t\t\t\t<div class=\"has_eae_slider elementor-column elementor-col-100 elementor-top-column elementor-element elementor-element-e8a3fb8\" data-eae-slider=\"49811\" data-id=\"e8a3fb8\" data-element_type=\"column\" data-e-type=\"column\">\n\t\t\t<div class=\"elementor-widget-wrap elementor-element-populated\">\n\t\t\t\t\t\t<div class=\"elementor-element elementor-element-0d89ddf elementor-widget elementor-widget-heading\" data-id=\"0d89ddf\" data-element_type=\"widget\" data-e-type=\"widget\" data-widget_type=\"heading.default\">\n\t\t\t\t<div class=\"elementor-widget-container\">\n\t\t\t\t\t<h1 class=\"elementor-heading-title elementor-size-default\"><font color=\"#0077bd\">Eurostyle NG<\/font><\/h1>\t\t\t\t<\/div>\n\t\t\t\t<\/div>\n\t\t\t\t\t<\/div>\n\t\t<\/div>\n\t\t\t\t\t<\/div>\n\t\t<\/section>\n\t\t\t\t<section class=\"has_eae_slider elementor-section elementor-top-section elementor-element elementor-element-3c4cbaa elementor-section-boxed elementor-section-height-default elementor-section-height-default\" data-eae-slider=\"98406\" data-id=\"3c4cbaa\" data-element_type=\"section\" data-e-type=\"section\">\n\t\t\t\t\t\t<div class=\"elementor-container elementor-column-gap-default\">\n\t\t\t\t\t<div class=\"has_eae_slider elementor-column elementor-col-50 elementor-top-column elementor-element elementor-element-cef3a6b\" data-eae-slider=\"15177\" data-id=\"cef3a6b\" data-element_type=\"column\" data-e-type=\"column\">\n\t\t\t<div class=\"elementor-widget-wrap elementor-element-populated\">\n\t\t\t\t\t\t<div class=\"elementor-element elementor-element-010635a elementor-widget elementor-widget-text-editor\" data-id=\"010635a\" data-element_type=\"widget\" data-e-type=\"widget\" data-widget_type=\"text-editor.default\">\n\t\t\t\t<div class=\"elementor-widget-container\">\n\t\t\t\t\t\t\t\t\t<p>Das beste Preis-Leistungs-Verh\u00e4ltnis auf dem Markt Nach erfolgreichen 20 Jahren seit der Einf\u00fchrung von Eurostyle haben wir kontinuierlich an der Verbesserung unseres Sortiments<\/p>\n<p>gearbeitet. Die Eurostyle NG Serie bietet weiterhin das beste Preis-Leistungs-Verh\u00e4ltnis auf dem Markt. Mit einer breiten Palette an F\u00e4cherschr\u00e4nken und speziellen Optionen wie Abwurfschr\u00e4nken f\u00fcr verschmutzte Kleidungsst\u00fccke erf\u00fcllen wir die Anforderungen verschiedenster Branchen.<\/p>\n<p>Alle Schr\u00e4nke haben einen Hauptschl\u00fcssel f\u00fcr die Hauptt\u00fcr und verschiedene Schlie\u00dfsysteme f\u00fcr die Facht\u00fcren. Diese Linie umfasst eine Reihe von W\u00e4scheschrankmodellen in verschiedenen Gr\u00f6\u00dfen f\u00fcr verschmutzte Kleidungsst\u00fccke.<\/p>\n\t\t\t\t\t\t\t\t<\/div>\n\t\t\t\t<\/div>\n\t\t\t\t<div class=\"elementor-element elementor-element-fae041c elementor-widget elementor-widget-button\" data-id=\"fae041c\" data-element_type=\"widget\" data-e-type=\"widget\" data-widget_type=\"button.default\">\n\t\t\t\t<div class=\"elementor-widget-container\">\n\t\t\t\t\t\t\t\t\t<div class=\"elementor-button-wrapper\">\n\t\t\t\t\t<a class=\"elementor-button elementor-button-link elementor-size-sm\" href=\"https:\/\/www.sci-services.ch\/de\/brochure-lockers-for-professional-garments-storage\/\">\n\t\t\t\t\t\t<span class=\"elementor-button-content-wrapper\">\n\t\t\t\t\t\t\t\t\t<span class=\"elementor-button-text\">Die Brosch\u00fcre<\/span>\n\t\t\t\t\t<\/span>\n\t\t\t\t\t<\/a>\n\t\t\t\t<\/div>\n\t\t\t\t\t\t\t\t<\/div>\n\t\t\t\t<\/div>\n\t\t\t\t<div class=\"elementor-element elementor-element-b7a29e8 elementor-widget elementor-widget-text-editor\" data-id=\"b7a29e8\" data-element_type=\"widget\" data-e-type=\"widget\" data-widget_type=\"text-editor.default\">\n\t\t\t\t<div class=\"elementor-widget-container\">\n\t\t\t\t\t\t\t\t\t<ul>\n<li>Wartung vor Ort reduziert Kosten, Transport von Produkten zur Reparatur und minimiert Entsorgung der alten Schr\u00e4nke<\/li>\n<li>Platzsparend durch kompakte Gr\u00f6\u00dfe<\/li>\n<li>Best\u00e4ndiges pulverbeschichtetes Stahlblech<\/li>\n<li>Zentralschloss f\u00fcr alle Schr\u00e4nke gleich<\/li>\n<li>Facht\u00fcren mit individuellem Zylinderschloss<\/li>\n<\/ul>\n\t\t\t\t\t\t\t\t<\/div>\n\t\t\t\t<\/div>\n\t\t\t\t\t<\/div>\n\t\t<\/div>\n\t\t\t\t<div class=\"has_eae_slider elementor-column elementor-col-50 elementor-top-column elementor-element elementor-element-1550794\" data-eae-slider=\"37558\" data-id=\"1550794\" data-element_type=\"column\" data-e-type=\"column\">\n\t\t\t<div class=\"elementor-widget-wrap elementor-element-populated\">\n\t\t\t\t\t\t<div class=\"elementor-element elementor-element-f60dc91 elementor-widget elementor-widget-image\" data-id=\"f60dc91\" data-element_type=\"widget\" data-e-type=\"widget\" data-widget_type=\"image.default\">\n\t\t\t\t<div class=\"elementor-widget-container\">\n\t\t\t\t\t\t\t\t\t\t\t\t<figure class=\"wp-caption\">\n\t\t\t\t\t\t\t\t\t\t<img fetchpriority=\"high\" decoding=\"async\" width=\"800\" height=\"477\" src=\"https:\/\/www.sci-services.ch\/wp-content\/uploads\/2024\/04\/AdobeStock_291530013_Ambient-grey-half-1024x611.png\" class=\"attachment-large size-large wp-image-22465\" alt=\"Lockers for professional garments\" srcset=\"https:\/\/www.sci-services.ch\/wp-content\/uploads\/2024\/04\/AdobeStock_291530013_Ambient-grey-half-1024x611.png 1024w, https:\/\/www.sci-services.ch\/wp-content\/uploads\/2024\/04\/AdobeStock_291530013_Ambient-grey-half-300x179.png 300w, https:\/\/www.sci-services.ch\/wp-content\/uploads\/2024\/04\/AdobeStock_291530013_Ambient-grey-half-768x458.png 768w, https:\/\/www.sci-services.ch\/wp-content\/uploads\/2024\/04\/AdobeStock_291530013_Ambient-grey-half-1536x916.png 1536w, https:\/\/www.sci-services.ch\/wp-content\/uploads\/2024\/04\/AdobeStock_291530013_Ambient-grey-half-2048x1221.png 2048w, https:\/\/www.sci-services.ch\/wp-content\/uploads\/2024\/04\/AdobeStock_291530013_Ambient-grey-half-1320x787.png 1320w\" sizes=\"(max-width: 800px) 100vw, 800px\" \/>\t\t\t\t\t\t\t\t\t\t\t<figcaption class=\"widget-image-caption wp-caption-text\"><\/figcaption>\n\t\t\t\t\t\t\t\t\t\t<\/figure>\n\t\t\t\t\t\t\t\t\t<\/div>\n\t\t\t\t<\/div>\n\t\t\t\t\t<\/div>\n\t\t<\/div>\n\t\t\t\t\t<\/div>\n\t\t<\/section>\n\t\t\t\t<section class=\"has_eae_slider elementor-section elementor-top-section elementor-element elementor-element-5f7fa5c elementor-section-boxed elementor-section-height-default elementor-section-height-default\" data-eae-slider=\"90104\" data-id=\"5f7fa5c\" data-element_type=\"section\" data-e-type=\"section\">\n\t\t\t\t\t\t<div class=\"elementor-container elementor-column-gap-default\">\n\t\t\t\t\t<div class=\"has_eae_slider elementor-column elementor-col-100 elementor-top-column elementor-element elementor-element-df28533\" data-eae-slider=\"8947\" data-id=\"df28533\" data-element_type=\"column\" data-e-type=\"column\">\n\t\t\t<div class=\"elementor-widget-wrap elementor-element-populated\">\n\t\t\t\t\t\t\t<\/div>\n\t\t<\/div>\n\t\t\t\t\t<\/div>\n\t\t<\/section>\n\t\t\t\t<section class=\"has_eae_slider elementor-section elementor-top-section elementor-element elementor-element-58d34d4 elementor-section-boxed elementor-section-height-default elementor-section-height-default\" data-eae-slider=\"72072\" data-id=\"58d34d4\" data-element_type=\"section\" data-e-type=\"section\">\n\t\t\t\t\t\t<div class=\"elementor-container elementor-column-gap-default\">\n\t\t\t\t\t<div class=\"has_eae_slider elementor-column elementor-col-100 elementor-top-column elementor-element elementor-element-127ad59\" data-eae-slider=\"55516\" data-id=\"127ad59\" data-element_type=\"column\" data-e-type=\"column\">\n\t\t\t<div class=\"elementor-widget-wrap\">\n\t\t\t\t\t\t\t<\/div>\n\t\t<\/div>\n\t\t\t\t\t<\/div>\n\t\t<\/section>\n\t\t\t\t<\/div>\n\t\t","protected":false},"excerpt":{"rendered":"<p>Schr\u00e4nke f\u00fcr Mietberufskleidung<\/p>\n","protected":false},"author":4,"featured_media":22465,"parent":0,"menu_order":0,"comment_status":"closed","ping_status":"closed","template":"","meta":{"_acf_changed":false,"footnotes":""},"class_list":["post-23026","page","type-page","status-publish","has-post-thumbnail","hentry"],"acf":[],"aioseo_notices":[],"_links":{"self":[{"href":"https:\/\/www.sci-services.ch\/de\/wp-json\/wp\/v2\/pages\/23026","targetHints":{"allow":["GET"]}}],"collection":[{"href":"https:\/\/www.sci-services.ch\/de\/wp-json\/wp\/v2\/pages"}],"about":[{"href":"https:\/\/www.sci-services.ch\/de\/wp-json\/wp\/v2\/types\/page"}],"author":[{"embeddable":true,"href":"https:\/\/www.sci-services.ch\/de\/wp-json\/wp\/v2\/users\/4"}],"replies":[{"embeddable":true,"href":"https:\/\/www.sci-services.ch\/de\/wp-json\/wp\/v2\/comments?post=23026"}],"version-history":[{"count":4,"href":"https:\/\/www.sci-services.ch\/de\/wp-json\/wp\/v2\/pages\/23026\/revisions"}],"predecessor-version":[{"id":23588,"href":"https:\/\/www.sci-services.ch\/de\/wp-json\/wp\/v2\/pages\/23026\/revisions\/23588"}],"wp:featuredmedia":[{"embeddable":true,"href":"https:\/\/www.sci-services.ch\/de\/wp-json\/wp\/v2\/media\/22465"}],"wp:attachment":[{"href":"https:\/\/www.sci-services.ch\/de\/wp-json\/wp\/v2\/media?parent=23026"}],"curies":[{"name":"wp","href":"https:\/\/api.w.org\/{rel}","templated":true}]}}